{"id":240,"date":"2026-02-12T16:39:08","date_gmt":"2026-02-12T15:39:08","guid":{"rendered":"https:\/\/emnaoptic.tn\/?post_type=product&#038;p=240"},"modified":"2026-02-12T16:39:08","modified_gmt":"2026-02-12T15:39:08","slug":"carrera-3","status":"publish","type":"product","link":"https:\/\/emnaoptic.tn\/?product=carrera-3","title":{"rendered":"CARRERA"},"content":{"rendered":"<div dir=\"auto\">&#8211; Marque : Carrera<\/div>\n<div dir=\"auto\">&#8211; Mod\u00e8le: CARRERA 1137 001 145<\/div>\n<div dir=\"auto\">&#8211; Style : \u00c9l\u00e9gant et moderne, avec une touche vintage<\/div>\n<div dir=\"auto\">&#8211; Forme : Aviateur avec double pont m\u00e9tallique<\/div>\n<div dir=\"auto\">&#8211; Couleur : Noir profond rehauss\u00e9 de d\u00e9tails dor\u00e9s<\/div>\n<div dir=\"auto\">&#8211; Mat\u00e9riau : Combinaison m\u00e9tal et ac\u00e9tate, garantissant robustesse et confort<\/div>\n<div dir=\"auto\">&#8211; Design : Finition brillante, branches orn\u00e9es de dor\u00e9, nez \u00e9quip\u00e9 de plaquettes transparentes pour un ajustement parfait<\/div>\n<div dir=\"auto\">&#8211; Fabrication : Made in Italy \u2013 symbole de qualit\u00e9 et de savoir-faire artisanal<\/div>\n<div dir=\"auto\">&#8211; Public cible : Id\u00e9al pour ceux qui recherchent un look affirm\u00e9, sophistiqu\u00e9 et intemporel<\/div>\n<div dir=\"auto\"><\/div>\n<div dir=\"auto\">Cette monture se distingue par son m\u00e9lange subtil de modernit\u00e9 et de luxe, parfaite pour mettre en valeur la personnalit\u00e9 de celui ou celle qui la porte.<\/div>\n","protected":false},"excerpt":{"rendered":"[woogallery]\n","protected":false},"featured_media":241,"comment_status":"open","ping_status":"closed","template":"","meta":{"_regular_price":["930"],"currency_symbol":[]},"shop_by_gender":[19],"material":[32,25],"product_shapes":[48],"product_styles":[36],"product_colors":[47,27],"product_brand":[46],"accessories":[],"product_usage":[],"product_cat":[22,31],"product_tag":[],"class_list":{"0":"post-240","1":"product","2":"type-product","3":"status-publish","4":"has-post-thumbnail","6":"shop_by_gender-homme","7":"material-acetate","8":"material-metal","9":"product_shapes-aviateur","10":"product_styles-moderne","11":"product_colors-dore","12":"product_colors-noir","13":"product_brand-carrera","14":"product_cat-business","15":"product_cat-chic","17":"first","18":"instock","19":"sale","20":"taxable","21":"shipping-taxable","22":"purchasable","23":"product-type-simple"},"post_slider_layout_featured_media_urls":{"thumbnail":["https:\/\/emnaoptic.tn\/wp-content\/uploads\/2026\/02\/1000017605-scaled.jpg",147,150,false],"post_slider_layout_landscape_large":["https:\/\/emnaoptic.tn\/wp-content\/uploads\/2026\/02\/1000017605-scaled.jpg",784,800,false],"post_slider_layout_portrait_large":["https:\/\/emnaoptic.tn\/wp-content\/uploads\/2026\/02\/1000017605-scaled.jpg",1200,1225,false],"post_slider_layout_square_large":["https:\/\/emnaoptic.tn\/wp-content\/uploads\/2026\/02\/1000017605-scaled.jpg",1176,1200,false],"post_slider_layout_landscape":["https:\/\/emnaoptic.tn\/wp-content\/uploads\/2026\/02\/1000017605-scaled.jpg",392,400,false],"post_slider_layout_portrait":["https:\/\/emnaoptic.tn\/wp-content\/uploads\/2026\/02\/1000017605-scaled.jpg",600,612,false],"post_slider_layout_square":["https:\/\/emnaoptic.tn\/wp-content\/uploads\/2026\/02\/1000017605-scaled.jpg",588,600,false],"full":["https:\/\/emnaoptic.tn\/wp-content\/uploads\/2026\/02\/1000017605-scaled.jpg",2508,2560,false]},"jetpack_sharing_enabled":true,"_links":{"self":[{"href":"https:\/\/emnaoptic.tn\/index.php?rest_route=\/wp\/v2\/product\/240","targetHints":{"allow":["GET"]}}],"collection":[{"href":"https:\/\/emnaoptic.tn\/index.php?rest_route=\/wp\/v2\/product"}],"about":[{"href":"https:\/\/emnaoptic.tn\/index.php?rest_route=\/wp\/v2\/types\/product"}],"replies":[{"embeddable":true,"href":"https:\/\/emnaoptic.tn\/index.php?rest_route=%2Fwp%2Fv2%2Fcomments&post=240"}],"wp:featuredmedia":[{"embeddable":true,"href":"https:\/\/emnaoptic.tn\/index.php?rest_route=\/wp\/v2\/media\/241"}],"wp:attachment":[{"href":"https:\/\/emnaoptic.tn\/index.php?rest_route=%2Fwp%2Fv2%2Fmedia&parent=240"}],"wp:term":[{"taxonomy":"shop_by_gender","embeddable":true,"href":"https:\/\/emnaoptic.tn\/index.php?rest_route=%2Fwp%2Fv2%2Fshop_by_gender&post=240"},{"taxonomy":"material","embeddable":true,"href":"https:\/\/emnaoptic.tn\/index.php?rest_route=%2Fwp%2Fv2%2Fmaterial&post=240"},{"taxonomy":"product_shapes","embeddable":true,"href":"https:\/\/emnaoptic.tn\/index.php?rest_route=%2Fwp%2Fv2%2Fproduct_shapes&post=240"},{"taxonomy":"product_styles","embeddable":true,"href":"https:\/\/emnaoptic.tn\/index.php?rest_route=%2Fwp%2Fv2%2Fproduct_styles&post=240"},{"taxonomy":"product_colors","embeddable":true,"href":"https:\/\/emnaoptic.tn\/index.php?rest_route=%2Fwp%2Fv2%2Fproduct_colors&post=240"},{"taxonomy":"product_brand","embeddable":true,"href":"https:\/\/emnaoptic.tn\/index.php?rest_route=%2Fwp%2Fv2%2Fproduct_brand&post=240"},{"taxonomy":"accessories","embeddable":true,"href":"https:\/\/emnaoptic.tn\/index.php?rest_route=%2Fwp%2Fv2%2Faccessories&post=240"},{"taxonomy":"product_usage","embeddable":true,"href":"https:\/\/emnaoptic.tn\/index.php?rest_route=%2Fwp%2Fv2%2Fproduct_usage&post=240"},{"taxonomy":"product_cat","embeddable":true,"href":"https:\/\/emnaoptic.tn\/index.php?rest_route=%2Fwp%2Fv2%2Fproduct_cat&post=240"},{"taxonomy":"product_tag","embeddable":true,"href":"https:\/\/emnaoptic.tn\/index.php?rest_route=%2Fwp%2Fv2%2Fproduct_tag&post=240"}],"curies":[{"name":"wp","href":"https:\/\/api.w.org\/{rel}","templated":true}]}}