{"id":188,"date":"2026-02-13T12:46:29","date_gmt":"2026-02-13T11:46:29","guid":{"rendered":"https:\/\/emnaoptic.tn\/?post_type=product&#038;p=188"},"modified":"2026-02-13T12:47:37","modified_gmt":"2026-02-13T11:47:37","slug":"lacoste","status":"publish","type":"product","link":"https:\/\/emnaoptic.tn\/?product=lacoste","title":{"rendered":"LACOSTE"},"content":{"rendered":"<div dir=\"auto\"><img decoding=\"async\" class=\"an1\" draggable=\"false\" src=\"https:\/\/fonts.gstatic.com\/s\/e\/notoemoji\/16.0\/1f576_fe0f\/72.png\" alt=\"\ud83d\udd76\ufe0f\" data-emoji=\"\ud83d\udd76\ufe0f\" aria-label=\"\ud83d\udd76\ufe0f\" \/><\/div>\n<div dir=\"auto\">&#8211; Marque : Lacoste<\/div>\n<div dir=\"auto\">&#8211; Style : Lunettes de soleil modernes et raffin\u00e9es<\/div>\n<div dir=\"auto\">&#8211; Monture : Noire sur l\u2019avant, avec branches en motif \u00e9caille de tortue<\/div>\n<div dir=\"auto\">&#8211; D\u00e9tails distinctifs :<\/div>\n<div dir=\"auto\">\u00a0 &#8211; Accent triangulaire dor\u00e9 avec incrustation verte sur les branches<\/div>\n<div dir=\"auto\">\u00a0 &#8211; Logo et nom LACOSTE grav\u00e9s en dor\u00e9 sur le c\u00f4t\u00e9<\/div>\n<div dir=\"auto\">\u00a0 &#8211; Logo crocodile discret sur le verre gauche<\/div>\n<div dir=\"auto\">&#8211; Verres : D\u00e9grad\u00e9s, fonc\u00e9s en haut et plus clairs en bas, offrant confort visuel et protection solaire<\/div>\n<div dir=\"auto\">&#8211; Ambiance : Un m\u00e9lange de sophistication et de sport-chic, fid\u00e8le \u00e0 l\u2019identit\u00e9 Lacoste<\/div>\n","protected":false},"excerpt":{"rendered":"[woogallery]\n","protected":false},"featured_media":268,"comment_status":"open","ping_status":"closed","template":"","meta":{"_regular_price":["800"],"currency_symbol":[]},"shop_by_gender":[20,19],"material":[],"product_shapes":[],"product_styles":[],"product_colors":[],"product_brand":[],"accessories":[],"product_usage":[],"product_cat":[31],"product_tag":[],"class_list":{"0":"post-188","1":"product","2":"type-product","3":"status-publish","4":"has-post-thumbnail","6":"shop_by_gender-femme","7":"shop_by_gender-homme","8":"product_cat-chic","10":"first","11":"instock","12":"sale","13":"taxable","14":"shipping-taxable","15":"purchasable","16":"product-type-simple"},"post_slider_layout_featured_media_urls":{"thumbnail":["https:\/\/emnaoptic.tn\/wp-content\/uploads\/2026\/02\/1000017648-scaled.jpg",113,150,false],"post_slider_layout_landscape_large":["https:\/\/emnaoptic.tn\/wp-content\/uploads\/2026\/02\/1000017648-scaled.jpg",600,800,false],"post_slider_layout_portrait_large":["https:\/\/emnaoptic.tn\/wp-content\/uploads\/2026\/02\/1000017648-scaled.jpg",1200,1600,false],"post_slider_layout_square_large":["https:\/\/emnaoptic.tn\/wp-content\/uploads\/2026\/02\/1000017648-scaled.jpg",900,1200,false],"post_slider_layout_landscape":["https:\/\/emnaoptic.tn\/wp-content\/uploads\/2026\/02\/1000017648-scaled.jpg",300,400,false],"post_slider_layout_portrait":["https:\/\/emnaoptic.tn\/wp-content\/uploads\/2026\/02\/1000017648-scaled.jpg",600,800,false],"post_slider_layout_square":["https:\/\/emnaoptic.tn\/wp-content\/uploads\/2026\/02\/1000017648-scaled.jpg",450,600,false],"full":["https:\/\/emnaoptic.tn\/wp-content\/uploads\/2026\/02\/1000017648-scaled.jpg",1920,2560,false]},"jetpack_sharing_enabled":true,"_links":{"self":[{"href":"https:\/\/emnaoptic.tn\/index.php?rest_route=\/wp\/v2\/product\/188","targetHints":{"allow":["GET"]}}],"collection":[{"href":"https:\/\/emnaoptic.tn\/index.php?rest_route=\/wp\/v2\/product"}],"about":[{"href":"https:\/\/emnaoptic.tn\/index.php?rest_route=\/wp\/v2\/types\/product"}],"replies":[{"embeddable":true,"href":"https:\/\/emnaoptic.tn\/index.php?rest_route=%2Fwp%2Fv2%2Fcomments&post=188"}],"wp:featuredmedia":[{"embeddable":true,"href":"https:\/\/emnaoptic.tn\/index.php?rest_route=\/wp\/v2\/media\/268"}],"wp:attachment":[{"href":"https:\/\/emnaoptic.tn\/index.php?rest_route=%2Fwp%2Fv2%2Fmedia&parent=188"}],"wp:term":[{"taxonomy":"shop_by_gender","embeddable":true,"href":"https:\/\/emnaoptic.tn\/index.php?rest_route=%2Fwp%2Fv2%2Fshop_by_gender&post=188"},{"taxonomy":"material","embeddable":true,"href":"https:\/\/emnaoptic.tn\/index.php?rest_route=%2Fwp%2Fv2%2Fmaterial&post=188"},{"taxonomy":"product_shapes","embeddable":true,"href":"https:\/\/emnaoptic.tn\/index.php?rest_route=%2Fwp%2Fv2%2Fproduct_shapes&post=188"},{"taxonomy":"product_styles","embeddable":true,"href":"https:\/\/emnaoptic.tn\/index.php?rest_route=%2Fwp%2Fv2%2Fproduct_styles&post=188"},{"taxonomy":"product_colors","embeddable":true,"href":"https:\/\/emnaoptic.tn\/index.php?rest_route=%2Fwp%2Fv2%2Fproduct_colors&post=188"},{"taxonomy":"product_brand","embeddable":true,"href":"https:\/\/emnaoptic.tn\/index.php?rest_route=%2Fwp%2Fv2%2Fproduct_brand&post=188"},{"taxonomy":"accessories","embeddable":true,"href":"https:\/\/emnaoptic.tn\/index.php?rest_route=%2Fwp%2Fv2%2Faccessories&post=188"},{"taxonomy":"product_usage","embeddable":true,"href":"https:\/\/emnaoptic.tn\/index.php?rest_route=%2Fwp%2Fv2%2Fproduct_usage&post=188"},{"taxonomy":"product_cat","embeddable":true,"href":"https:\/\/emnaoptic.tn\/index.php?rest_route=%2Fwp%2Fv2%2Fproduct_cat&post=188"},{"taxonomy":"product_tag","embeddable":true,"href":"https:\/\/emnaoptic.tn\/index.php?rest_route=%2Fwp%2Fv2%2Fproduct_tag&post=188"}],"curies":[{"name":"wp","href":"https:\/\/api.w.org\/{rel}","templated":true}]}}