{"id":140,"date":"2026-02-11T16:45:59","date_gmt":"2026-02-11T15:45:59","guid":{"rendered":"https:\/\/emnaoptic.tn\/?post_type=product&#038;p=140"},"modified":"2026-02-11T17:28:19","modified_gmt":"2026-02-11T16:28:19","slug":"test","status":"publish","type":"product","link":"https:\/\/emnaoptic.tn\/?product=test","title":{"rendered":"test"},"content":{"rendered":"<p data-start=\"0\" data-end=\"81\">Voici une description professionnelle que tu peux utiliser pour un site de test :<\/p>\r\n<hr data-start=\"83\" data-end=\"86\" \/>\r\n<p data-start=\"88\" data-end=\"136\"><strong data-start=\"88\" data-end=\"136\">Lunettes de vue \/ soleil \u2013 Mod\u00e8le \u00c9l\u00e9gance X<\/strong><\/p>\r\n<p data-start=\"138\" data-end=\"426\">Alliant design moderne et confort optimal, le mod\u00e8le \u00c9l\u00e9gance X est con\u00e7u pour s\u2019adapter \u00e0 tous les styles et \u00e0 toutes les occasions. Sa monture l\u00e9g\u00e8re assure un port agr\u00e9able tout au long de la journ\u00e9e, tandis que ses finitions soign\u00e9es apportent une touche sophistiqu\u00e9e et intemporelle.<\/p>\r\n<p data-start=\"428\" data-end=\"658\">Les verres offrent une excellente clart\u00e9 visuelle et une protection optimale contre les rayons UV (pour la version solaire). R\u00e9sistantes et durables, ces lunettes sont id\u00e9ales pour un usage quotidien, professionnel ou d\u00e9contract\u00e9.<\/p>\r\n<p data-start=\"660\" data-end=\"818\">\u2714 Monture l\u00e9g\u00e8re et confortable<br data-start=\"691\" data-end=\"694\" \/>\u2714 Design moderne et \u00e9l\u00e9gant<br data-start=\"721\" data-end=\"724\" \/>\u2714 Mat\u00e9riaux r\u00e9sistants<br data-start=\"746\" data-end=\"749\" \/>\u2714 Protection UV (version solaire)<br data-start=\"782\" data-end=\"785\" \/>\u2714 Adapt\u00e9es \u00e0 un usage quotidien<\/p>\r\n<p data-start=\"820\" data-end=\"902\">Un accessoire indispensable pour allier style, protection et performance visuelle.<\/p>\r\n\r\n<p>&nbsp;<\/p>\r\n","protected":false},"excerpt":{"rendered":"<div class=\"flex flex-col text-sm pb-25\">\n<article class=\"text-token-text-primary w-full focus:outline-none [--shadow-height:45px] has-data-writing-block:pointer-events-none has-data-writing-block:-mt-(--shadow-height) has-data-writing-block:pt-(--shadow-height) [&amp;:has([data-writing-block])&gt;*]:pointer-events-auto scroll-mt-[calc(var(--header-height)+min(200px,max(70px,20svh)))]\" dir=\"auto\" tabindex=\"-1\" data-turn-id=\"request-WEB:6068ea33-a9db-47e0-bb8a-eed5abca51f6-3\" data-testid=\"conversation-turn-4\" data-scroll-anchor=\"true\" data-turn=\"assistant\">\n<div class=\"text-base my-auto mx-auto pb-10 [--thread-content-margin:--spacing(4)] @w-sm\/main:[--thread-content-margin:--spacing(6)] @w-lg\/main:[--thread-content-margin:--spacing(16)] px-(--thread-content-margin)\">\n<div class=\"[--thread-content-max-width:40rem] @w-lg\/main:[--thread-content-max-width:48rem] mx-auto max-w-(--thread-content-max-width) flex-1 group\/turn-messages focus-visible:outline-hidden relative flex w-full min-w-0 flex-col agent-turn\" tabindex=\"-1\">\n<div class=\"flex max-w-full flex-col grow\">\n<div class=\"min-h-8 text-message relative flex w-full flex-col items-end gap-2 text-start break-words whitespace-normal [.text-message+&amp;]:mt-1\" dir=\"auto\" data-message-author-role=\"assistant\" data-message-id=\"df1e86d1-5570-468a-811e-330cc2240368\" data-message-model-slug=\"gpt-5-2\">\n<div class=\"flex w-full flex-col gap-1 empty:hidden first:pt-[1px]\">\n<div class=\"markdown prose dark:prose-invert w-full wrap-break-word dark markdown-new-styling\">\n<p data-start=\"28\" data-end=\"240\" data-is-last-node=\"\" data-is-only-node=\"\"><strong data-start=\"28\" data-end=\"240\" data-is-last-node=\"\">Lunettes modernes et l\u00e9g\u00e8res, con\u00e7ues pour offrir confort et style au quotidien. Leur monture r\u00e9sistante et leur design \u00e9l\u00e9gant s\u2019adaptent \u00e0 toutes les occasions. Id\u00e9ales pour allier protection et esth\u00e9tique.<\/strong><\/p>\n<\/div>\n<\/div>\n<\/div>\n<\/div>\n<\/div>\n<\/div>\n<\/article>\n<\/div>\n[woogallery]\n","protected":false},"featured_media":0,"comment_status":"open","ping_status":"closed","template":"","meta":{"_regular_price":[],"currency_symbol":[]},"shop_by_gender":[19],"material":[24,25,23],"product_shapes":[26],"product_styles":[],"product_colors":[27,28],"product_brand":[29],"accessories":[],"product_usage":[],"product_cat":[22,21],"product_tag":[],"class_list":{"0":"post-140","1":"product","2":"type-product","3":"status-publish","5":"shop_by_gender-homme","6":"material-bois","7":"material-metal","8":"material-plastique","9":"product_shapes-ronde","10":"product_colors-noir","11":"product_colors-rouge","12":"product_brand-emna-optic","13":"product_cat-business","14":"product_cat-sport","16":"first","17":"instock","18":"taxable","19":"shipping-taxable","20":"product-type-simple"},"post_slider_layout_featured_media_urls":{"thumbnail":"","post_slider_layout_landscape_large":"","post_slider_layout_portrait_large":"","post_slider_layout_square_large":"","post_slider_layout_landscape":"","post_slider_layout_portrait":"","post_slider_layout_square":"","full":""},"jetpack_sharing_enabled":true,"_links":{"self":[{"href":"https:\/\/emnaoptic.tn\/index.php?rest_route=\/wp\/v2\/product\/140","targetHints":{"allow":["GET"]}}],"collection":[{"href":"https:\/\/emnaoptic.tn\/index.php?rest_route=\/wp\/v2\/product"}],"about":[{"href":"https:\/\/emnaoptic.tn\/index.php?rest_route=\/wp\/v2\/types\/product"}],"replies":[{"embeddable":true,"href":"https:\/\/emnaoptic.tn\/index.php?rest_route=%2Fwp%2Fv2%2Fcomments&post=140"}],"wp:attachment":[{"href":"https:\/\/emnaoptic.tn\/index.php?rest_route=%2Fwp%2Fv2%2Fmedia&parent=140"}],"wp:term":[{"taxonomy":"shop_by_gender","embeddable":true,"href":"https:\/\/emnaoptic.tn\/index.php?rest_route=%2Fwp%2Fv2%2Fshop_by_gender&post=140"},{"taxonomy":"material","embeddable":true,"href":"https:\/\/emnaoptic.tn\/index.php?rest_route=%2Fwp%2Fv2%2Fmaterial&post=140"},{"taxonomy":"product_shapes","embeddable":true,"href":"https:\/\/emnaoptic.tn\/index.php?rest_route=%2Fwp%2Fv2%2Fproduct_shapes&post=140"},{"taxonomy":"product_styles","embeddable":true,"href":"https:\/\/emnaoptic.tn\/index.php?rest_route=%2Fwp%2Fv2%2Fproduct_styles&post=140"},{"taxonomy":"product_colors","embeddable":true,"href":"https:\/\/emnaoptic.tn\/index.php?rest_route=%2Fwp%2Fv2%2Fproduct_colors&post=140"},{"taxonomy":"product_brand","embeddable":true,"href":"https:\/\/emnaoptic.tn\/index.php?rest_route=%2Fwp%2Fv2%2Fproduct_brand&post=140"},{"taxonomy":"accessories","embeddable":true,"href":"https:\/\/emnaoptic.tn\/index.php?rest_route=%2Fwp%2Fv2%2Faccessories&post=140"},{"taxonomy":"product_usage","embeddable":true,"href":"https:\/\/emnaoptic.tn\/index.php?rest_route=%2Fwp%2Fv2%2Fproduct_usage&post=140"},{"taxonomy":"product_cat","embeddable":true,"href":"https:\/\/emnaoptic.tn\/index.php?rest_route=%2Fwp%2Fv2%2Fproduct_cat&post=140"},{"taxonomy":"product_tag","embeddable":true,"href":"https:\/\/emnaoptic.tn\/index.php?rest_route=%2Fwp%2Fv2%2Fproduct_tag&post=140"}],"curies":[{"name":"wp","href":"https:\/\/api.w.org\/{rel}","templated":true}]}}